{"id":102,"date":"2014-10-28T21:04:12","date_gmt":"2014-10-28T20:04:12","guid":{"rendered":"http:\/\/www.kv15.wien\/wp\/?page_id=102"},"modified":"2024-09-01T10:22:30","modified_gmt":"2024-09-01T08:22:30","slug":"kulturreise","status":"publish","type":"page","link":"http:\/\/www.kv15.wien\/wp\/kulturreise\/","title":{"rendered":"KULTURREISEN"},"content":{"rendered":"<hr \/>\n<h2><span style=\"color: #008000;\"><b>R\u00dcCKBLICK auf Kulturreisen der vergangenen Jahre<\/b><\/span><\/h2>\n<h3><span style=\"color: #008000;\">22.06.2024 | <\/span><span style=\"color: #008000;\">SCHLOSS ESTERHAZY und SEERUNDFAHRT<\/span><\/h3>\n<p>Ziel war Eisenstadt, wo wir das <strong>Schloss Esterhazy<\/strong> bei einer F\u00fchrung besichtigten und anschlie\u00dfend vis a vis vom Schloss im Restaurant Henrici einkehrten. Anschlie\u00dfend fuhren wir nach <strong>Rust,<\/strong> wo wir eine feine <strong>Seerundfahrt<\/strong> bei Kaffee und Kuchen erlebten. Den Tag beendeten wir heiter bei einem <strong>Heurigen<\/strong> in Rust.<\/p>\n<h3><span style=\"color: #008000;\"><strong>2023 | <\/strong><\/span><span style=\"color: #008000;\">RIEGERSBURG und SCHOKOLADENMUSEUM ZOTTER<\/span><\/h3>\n<p>Im Anschluss an eine spannende F\u00fchrung durch die <strong>Riegersburg<\/strong> mit Mittagessen in der <strong>Burgtaverne<\/strong> ging es f\u00fcr uns in das <strong>Schokoladenmuseum Zotter<\/strong>, wo wir uns mit Freude durch das umfangreiche Schokoladensortiment durchgekostet haben!<\/p>\n<h3><span style=\"color: #008000;\"><strong>2018 | Theater im S\u00fcdburgenland<\/strong><\/span><\/h3>\n<p>Bei unserer Kulturreise 2018 stand eine Open-Air-Theaterauff\u00fchrung auf dem Plan. Wir besuchten im S\u00fcdburgenland das St\u00fcck <strong>\u201eUHUDLERKLINIK UNTER TRAUBEN\u201c, <\/strong>das in der urigen Kulisse vor dem Weinmuseum Moschendorf (\u00fcberdacht) gespielt wurde. Bei einem Glaserl Uhudler und einem guten Essen im<strong> Schenkhaus Weinek<\/strong> in Kulm konnte man sich auf das Theater einstimmen.<\/p>\n<h3><span style=\"color: #008000;\"><strong>2017 | Nordburgenland<\/strong><\/span><\/h3>\n<p>Wir besuchten bei unserer Kulturreise 2017 das <strong>Dorfmuseum M\u00f6nchhof<\/strong>. Ein liebevoll gef\u00fchrtes Museum, das sich aus einer ehemaligen Privatsammlung zusammensetzt. Die burgenl\u00e4ndische Lebenskultur ist auch mit gutem Essen verbunden. 2017 kehrten wir im Restaurant <strong>Johannes-Zeche<\/strong> in Illmitz ein. Zum Abschluss stand ein Besuch im\u00a0<strong>Weingut Salzl | Seewinkelhof <\/strong>am Programm.<\/p>\n<h3><span style=\"color: #008000;\"><strong>2016 | S\u00fcdburgenland<\/strong><\/span><\/h3>\n<p>Diese f\u00fchrte uns ins S\u00fcdburgenland, wo wir den <strong>Grenzerfahrungsweg<\/strong> in Bildein besuchten und im nach <strong>Schenkhaus Weinek<\/strong> eingekehrt sind.<\/p>\n<h3><span style=\"color: #008000;\"><strong>2015 | Eisenstadt &amp; Esterh\u00e1zy<\/strong><\/span><\/h3>\n<p>Bei diesem Ausflug ging es zu einem ganz besonderen <strong>Konzert:<\/strong> Unter Dirigent Jochem Hochstenbach und der Camerata Salzburg standen Werke von<\/p>\n<ul>\n<li>Carl Maria v. Weber: Ouvert\u00fcre zu \u201eDer Freisch\u00fctz\u201c<\/li>\n<li>Richard Strauss: Hornkonzert Nr. 2, Es-Dur (Solist: P\u0159emysl Vojta, Horn)<\/li>\n<li>Ludwig v. Beethoven: Sinfonie Nr. 6, F-Dur op. 68 \u201ePastorale\u201c<\/li>\n<li>Johann Strau\u00df: Geschichten aus dem Wienerwald<\/li>\n<\/ul>\n<p>Nach dem Konzert um 14.40 Uhr ging es durch &#8222;<strong>Das Appartement der F\u00fcrstin<\/strong>&#8222;. Im Anschluss stand eine <strong>Weinverkostung<\/strong> mit Schmankerln aus der Region in der Selektion Vinothek Burgenland am Programm.<\/p>\n<p>Wir bedanken uns bei der Schloss Esterh\u00e1zy Kulturverwaltung f\u00fcr die Betreuung, f\u00fcr die ausgezeichnete F\u00fchrung, die ausgezeichneten Weine, die wir verkosten durften und bei unserem Buschauffeur f\u00fcr die sorgsame An- und Abreise.<\/p>\n<hr \/>\n<h2><\/h2>\n","protected":false},"excerpt":{"rendered":"<p>R\u00dcCKBLICK auf Kulturreisen der vergangenen Jahre 22.06.2024 | SCHLOSS ESTERHAZY und SEERUNDFAHRT Ziel war Eisenstadt, wo wir das Schloss Esterhazy bei einer F\u00fchrung besichtigten und anschlie\u00dfend vis a vis vom Schloss im Restaurant Henrici einkehrten. Anschlie\u00dfend fuhren wir nach Rust, wo wir eine feine Seerundfahrt bei Kaffee und Kuchen erlebten. Den Tag beendeten wir heiter &hellip; <a href=\"http:\/\/www.kv15.wien\/wp\/kulturreise\/\" class=\"more-link\"><span class=\"screen-reader-text\">KULTURREISEN<\/span> weiterlesen<\/a><\/p>\n","protected":false},"author":1,"featured_media":0,"parent":0,"menu_order":0,"comment_status":"open","ping_status":"open","template":"","meta":{"jetpack_post_was_ever_published":false,"footnotes":""},"class_list":["post-102","page","type-page","status-publish","hentry"],"jetpack_sharing_enabled":true,"jetpack_shortlink":"https:\/\/wp.me\/P6cSHv-1E","_links":{"self":[{"href":"http:\/\/www.kv15.wien\/wp\/wp-json\/wp\/v2\/pages\/102","targetHints":{"allow":["GET"]}}],"collection":[{"href":"http:\/\/www.kv15.wien\/wp\/wp-json\/wp\/v2\/pages"}],"about":[{"href":"http:\/\/www.kv15.wien\/wp\/wp-json\/wp\/v2\/types\/page"}],"author":[{"embeddable":true,"href":"http:\/\/www.kv15.wien\/wp\/wp-json\/wp\/v2\/users\/1"}],"replies":[{"embeddable":true,"href":"http:\/\/www.kv15.wien\/wp\/wp-json\/wp\/v2\/comments?post=102"}],"version-history":[{"count":20,"href":"http:\/\/www.kv15.wien\/wp\/wp-json\/wp\/v2\/pages\/102\/revisions"}],"predecessor-version":[{"id":4582,"href":"http:\/\/www.kv15.wien\/wp\/wp-json\/wp\/v2\/pages\/102\/revisions\/4582"}],"wp:attachment":[{"href":"http:\/\/www.kv15.wien\/wp\/wp-json\/wp\/v2\/media?parent=102"}],"curies":[{"name":"wp","href":"https:\/\/api.w.org\/{rel}","templated":true}]}}